{"id":972,"date":"2022-01-24T17:02:08","date_gmt":"2022-01-24T17:02:08","guid":{"rendered":"https:\/\/voltmarine.se\/contact\/"},"modified":"2023-03-23T15:47:06","modified_gmt":"2023-03-23T15:47:06","slug":"contact","status":"publish","type":"page","link":"https:\/\/voltmarine.se\/en\/contact\/","title":{"rendered":"Contact"},"content":{"rendered":"\n<h2>\n\t\tContact\n\t<\/h2>\n<h4>Volt Marine AB<\/h4>\nSandviksv\u00e4gen 4. 475 41 H\u00f6n\u00f6<br \/>\nSweden\n<h4>Phone<\/h4>\n<p>+46 0793 &#8211; 34 39 31<\/p>\n<h4>Email<\/h4>\n<p><a href=\"mailto:info@voltmarine.se\">info@voltmarine.se<\/a><\/p>\n<h4>\n\t\tFollow us on Facebook and Linkedin\n\t<\/h4>\n\t\t<link itemprop=\"url\" href=\"https:\/\/voltmarine.se\"\/>\n\t\t<a itemprop=\"sameAs\" href=\"https:\/\/www.linkedin.com\/company\/voltmarine\/\" target=\"_blank\" title=\"LinkedIn\" aria-label=\"LinkedIn\" role=\"button\" rel=\"noopener noreferrer external\">\n\t\t\t\t\t<\/a>\n\t\t<link itemprop=\"url\" href=\"https:\/\/voltmarine.se\"\/>\n\t\t<a itemprop=\"sameAs\" href=\"https:\/\/www.facebook.com\/voltmarine\" target=\"_blank\" title=\"Facebook\" aria-label=\"Facebook\" role=\"button\" rel=\"noopener noreferrer external\">\n\t\t\t\t\t<\/a>\n\t\t<h2>\n\t\t\tI want to know more about Volt Marine\n\t\t<\/h2>\n\t\t    <form data-form_id=\"9\" id=\"fluentform_9\" data-form_instance=\"ff_form_instance_9_1\" method=\"POST\" data-recptcha_key=\"6LcJ8BoeAAAAAK72Fqapvj8j7IvUEseFxqkIjLM4\"><fieldset style=\"border: none!important;margin: 0!important;padding: 0!important;background-color: transparent!important;\n                                 box-shadow: none!important;outline: none!important;\">\n                    <legend>Kontaktformul\u00e4r ENG<\/legend><input type='hidden' name='__fluent_form_embded_post_id' value='972' \/><input type=\"hidden\" id=\"_fluentform_9_fluentformnonce\" name=\"_fluentform_9_fluentformnonce\" value=\"336fab4be8\" \/><input type=\"hidden\" name=\"_wp_http_referer\" value=\"\/en\/?page_id=972&#038;fl_builder\" \/><input type=\"text\" name=\"names[first_name]\" id=\"ff_9_names_first_name_\" placeholder=\"Forename\" aria-invalid=\"false\" aria-required=false\/><input type=\"text\" name=\"names[last_name]\" id=\"ff_9_names_last_name_\" placeholder=\"Surname\" aria-invalid=\"false\" aria-required=false\/><input type=\"email\" name=\"email\" id=\"ff_9_email\" placeholder=\"Email\" data-name=\"email\"  aria-invalid=\"false\" aria-required=true\/><input name=\"phone_1\" type=\"tel\" placeholder=\"Telefonnummer\" data-name=\"phone_1\" id=\"ff_9_phone_1\" inputmode=\"tel\"  aria-invalid='false' aria-required=true\/><textarea aria-invalid=\"false\" aria-required=false name=\"message\" id=\"ff_9_message\" placeholder=\"Comments\/questions\" rows=\"4\" cols=\"2\" data-name=\"message\"><\/textarea><label  aria-label=\"I&#039;m interested in\">I&#8217;m interested in<\/label> <label class='ff-el-form-check-label' for=checkbox_7d34e577068b5a67dad53763a65918f4><input type=\"checkbox\" name=\"checkbox[]\" data-name=\"checkbox\" value=\"becoming a reseller\"  id='checkbox_7d34e577068b5a67dad53763a65918f4' aria-label='becoming a reseller' aria-invalid='false' aria-required=true\/> becoming a reseller<\/label><label class='ff-el-form-check-label' for=checkbox_3306df6c47bc90084355eb8acfc4ec6b><input type=\"checkbox\" name=\"checkbox[]\" data-name=\"checkbox\" value=\"investing\"  id='checkbox_3306df6c47bc90084355eb8acfc4ec6b' aria-label='investing' aria-invalid='false' aria-required=true\/> investing<\/label><label class='ff-el-form-check-label' for=checkbox_4663da36e0ddeaefcb961fc61bf98fce><input type=\"checkbox\" name=\"checkbox[]\" data-name=\"checkbox\" value=\"buying products\"  id='checkbox_4663da36e0ddeaefcb961fc61bf98fce' aria-label='buying products' aria-invalid='false' aria-required=true\/> buying products<\/label><label aria-label='terms &#038; conditions' class='ff-el-form-check-label ff_tc_label' for=gdpr-agreement_e057b692ab55c6dbf4406cab73874226><input type=\"checkbox\" name=\"gdpr-agreement\" data-name=\"gdpr-agreement\" id=\"gdpr-agreement_e057b692ab55c6dbf4406cab73874226\"  value='on' aria-invalid='false' aria-required=true\/> I have read VoltMarine&#8217;s privacy policy and agree that my personal information is used in accordance with it. Read the whole privacy policy <a href=\"\/en\/cookies\/\" target=\"_blank\" rel=\"noopener\">here.<\/a><\/label><button type=\"submit\">Send<\/button><\/fieldset><\/form>        \n\n","protected":false},"excerpt":{"rendered":"<p>Contact Volt Marine AB Sandviksv\u00e4gen 4. 475 41 H\u00f6n\u00f6 Sweden Phone +46 0793 &#8211; 34 39 31 Email info@voltmarine.se Follow us on Facebook and Linkedin I want to know more about Volt Marine Kontaktformul\u00e4r ENG I&#8217;m interested in becoming a reseller investing buying products I have read VoltMarine&#8217;s privacy policy and agree that my personal &#8230; <a title=\"Contact\" class=\"read-more\" href=\"https:\/\/voltmarine.se\/en\/contact\/\" aria-label=\"Read more about Contact\">Read more<\/a><\/p>\n","protected":false},"author":1,"featured_media":0,"parent":0,"menu_order":0,"comment_status":"closed","ping_status":"closed","template":"","meta":{"footnotes":""},"class_list":["post-972","page","type-page","status-publish"],"yoast_head":"<!-- This site is optimized with the Yoast SEO plugin v27.4 - https:\/\/yoast.com\/product\/yoast-seo-wordpress\/ -->\n<title>Contact us about electric boats | voltmarine.se<\/title>\n<meta name=\"description\" content=\"Feel free to contact us if you want to know more about Voltmarine and our products. We are happy to tell you more about electric outboards.\" \/>\n<meta name=\"robots\" content=\"index, follow, max-snippet:-1, max-image-preview:large, max-video-preview:-1\" \/>\n<link rel=\"canonical\" href=\"https:\/\/voltmarine.se\/en\/contact\/\" \/>\n<meta property=\"og:locale\" content=\"en_US\" \/>\n<meta property=\"og:type\" content=\"article\" \/>\n<meta property=\"og:title\" content=\"Contact us about electric boats | voltmarine.se\" \/>\n<meta property=\"og:description\" content=\"Feel free to contact us if you want to know more about Voltmarine and our products. We are happy to tell you more about electric outboards.\" \/>\n<meta property=\"og:url\" content=\"https:\/\/voltmarine.se\/en\/contact\/\" \/>\n<meta property=\"og:site_name\" content=\"VoltMarine\" \/>\n<meta property=\"article:modified_time\" content=\"2023-03-23T15:47:06+00:00\" \/>\n<meta name=\"twitter:card\" content=\"summary_large_image\" \/>\n<script type=\"application\/ld+json\" class=\"yoast-schema-graph\">{\"@context\":\"https:\\\/\\\/schema.org\",\"@graph\":[{\"@type\":\"WebPage\",\"@id\":\"https:\\\/\\\/voltmarine.se\\\/en\\\/contact\\\/\",\"url\":\"https:\\\/\\\/voltmarine.se\\\/en\\\/contact\\\/\",\"name\":\"Contact us about electric boats | voltmarine.se\",\"isPartOf\":{\"@id\":\"https:\\\/\\\/voltmarine.se\\\/en\\\/#website\"},\"datePublished\":\"2022-01-24T17:02:08+00:00\",\"dateModified\":\"2023-03-23T15:47:06+00:00\",\"description\":\"Feel free to contact us if you want to know more about Voltmarine and our products. We are happy to tell you more about electric outboards.\",\"breadcrumb\":{\"@id\":\"https:\\\/\\\/voltmarine.se\\\/en\\\/contact\\\/#breadcrumb\"},\"inLanguage\":\"en-US\",\"potentialAction\":[{\"@type\":\"ReadAction\",\"target\":[\"https:\\\/\\\/voltmarine.se\\\/en\\\/contact\\\/\"]}]},{\"@type\":\"BreadcrumbList\",\"@id\":\"https:\\\/\\\/voltmarine.se\\\/en\\\/contact\\\/#breadcrumb\",\"itemListElement\":[{\"@type\":\"ListItem\",\"position\":1,\"name\":\"Hem\",\"item\":\"https:\\\/\\\/voltmarine.se\\\/en\\\/\"},{\"@type\":\"ListItem\",\"position\":2,\"name\":\"Contact\"}]},{\"@type\":\"WebSite\",\"@id\":\"https:\\\/\\\/voltmarine.se\\\/en\\\/#website\",\"url\":\"https:\\\/\\\/voltmarine.se\\\/en\\\/\",\"name\":\"VoltMarine\",\"description\":\"Eldrivna utombordare\",\"publisher\":{\"@id\":\"https:\\\/\\\/voltmarine.se\\\/en\\\/#organization\"},\"potentialAction\":[{\"@type\":\"SearchAction\",\"target\":{\"@type\":\"EntryPoint\",\"urlTemplate\":\"https:\\\/\\\/voltmarine.se\\\/en\\\/?s={search_term_string}\"},\"query-input\":{\"@type\":\"PropertyValueSpecification\",\"valueRequired\":true,\"valueName\":\"search_term_string\"}}],\"inLanguage\":\"en-US\"},{\"@type\":\"Organization\",\"@id\":\"https:\\\/\\\/voltmarine.se\\\/en\\\/#organization\",\"name\":\"Voltmarine\",\"url\":\"https:\\\/\\\/voltmarine.se\\\/en\\\/\",\"logo\":{\"@type\":\"ImageObject\",\"inLanguage\":\"en-US\",\"@id\":\"https:\\\/\\\/voltmarine.se\\\/en\\\/#\\\/schema\\\/logo\\\/image\\\/\",\"url\":\"https:\\\/\\\/voltmarine.se\\\/wp-content\\\/uploads\\\/2021\\\/12\\\/cropped-Logotyp-Volt-favvicon.png\",\"contentUrl\":\"https:\\\/\\\/voltmarine.se\\\/wp-content\\\/uploads\\\/2021\\\/12\\\/cropped-Logotyp-Volt-favvicon.png\",\"width\":512,\"height\":512,\"caption\":\"Voltmarine\"},\"image\":{\"@id\":\"https:\\\/\\\/voltmarine.se\\\/en\\\/#\\\/schema\\\/logo\\\/image\\\/\"}}]}<\/script>\n<!-- \/ Yoast SEO plugin. -->","yoast_head_json":{"title":"Contact us about electric boats | voltmarine.se","description":"Feel free to contact us if you want to know more about Voltmarine and our products. We are happy to tell you more about electric outboards.","robots":{"index":"index","follow":"follow","max-snippet":"max-snippet:-1","max-image-preview":"max-image-preview:large","max-video-preview":"max-video-preview:-1"},"canonical":"https:\/\/voltmarine.se\/en\/contact\/","og_locale":"en_US","og_type":"article","og_title":"Contact us about electric boats | voltmarine.se","og_description":"Feel free to contact us if you want to know more about Voltmarine and our products. We are happy to tell you more about electric outboards.","og_url":"https:\/\/voltmarine.se\/en\/contact\/","og_site_name":"VoltMarine","article_modified_time":"2023-03-23T15:47:06+00:00","twitter_card":"summary_large_image","schema":{"@context":"https:\/\/schema.org","@graph":[{"@type":"WebPage","@id":"https:\/\/voltmarine.se\/en\/contact\/","url":"https:\/\/voltmarine.se\/en\/contact\/","name":"Contact us about electric boats | voltmarine.se","isPartOf":{"@id":"https:\/\/voltmarine.se\/en\/#website"},"datePublished":"2022-01-24T17:02:08+00:00","dateModified":"2023-03-23T15:47:06+00:00","description":"Feel free to contact us if you want to know more about Voltmarine and our products. We are happy to tell you more about electric outboards.","breadcrumb":{"@id":"https:\/\/voltmarine.se\/en\/contact\/#breadcrumb"},"inLanguage":"en-US","potentialAction":[{"@type":"ReadAction","target":["https:\/\/voltmarine.se\/en\/contact\/"]}]},{"@type":"BreadcrumbList","@id":"https:\/\/voltmarine.se\/en\/contact\/#breadcrumb","itemListElement":[{"@type":"ListItem","position":1,"name":"Hem","item":"https:\/\/voltmarine.se\/en\/"},{"@type":"ListItem","position":2,"name":"Contact"}]},{"@type":"WebSite","@id":"https:\/\/voltmarine.se\/en\/#website","url":"https:\/\/voltmarine.se\/en\/","name":"VoltMarine","description":"Eldrivna utombordare","publisher":{"@id":"https:\/\/voltmarine.se\/en\/#organization"},"potentialAction":[{"@type":"SearchAction","target":{"@type":"EntryPoint","urlTemplate":"https:\/\/voltmarine.se\/en\/?s={search_term_string}"},"query-input":{"@type":"PropertyValueSpecification","valueRequired":true,"valueName":"search_term_string"}}],"inLanguage":"en-US"},{"@type":"Organization","@id":"https:\/\/voltmarine.se\/en\/#organization","name":"Voltmarine","url":"https:\/\/voltmarine.se\/en\/","logo":{"@type":"ImageObject","inLanguage":"en-US","@id":"https:\/\/voltmarine.se\/en\/#\/schema\/logo\/image\/","url":"https:\/\/voltmarine.se\/wp-content\/uploads\/2021\/12\/cropped-Logotyp-Volt-favvicon.png","contentUrl":"https:\/\/voltmarine.se\/wp-content\/uploads\/2021\/12\/cropped-Logotyp-Volt-favvicon.png","width":512,"height":512,"caption":"Voltmarine"},"image":{"@id":"https:\/\/voltmarine.se\/en\/#\/schema\/logo\/image\/"}}]}},"_links":{"self":[{"href":"https:\/\/voltmarine.se\/en\/wp-json\/wp\/v2\/pages\/972","targetHints":{"allow":["GET"]}}],"collection":[{"href":"https:\/\/voltmarine.se\/en\/wp-json\/wp\/v2\/pages"}],"about":[{"href":"https:\/\/voltmarine.se\/en\/wp-json\/wp\/v2\/types\/page"}],"author":[{"embeddable":true,"href":"https:\/\/voltmarine.se\/en\/wp-json\/wp\/v2\/users\/1"}],"replies":[{"embeddable":true,"href":"https:\/\/voltmarine.se\/en\/wp-json\/wp\/v2\/comments?post=972"}],"version-history":[{"count":6,"href":"https:\/\/voltmarine.se\/en\/wp-json\/wp\/v2\/pages\/972\/revisions"}],"predecessor-version":[{"id":1259,"href":"https:\/\/voltmarine.se\/en\/wp-json\/wp\/v2\/pages\/972\/revisions\/1259"}],"wp:attachment":[{"href":"https:\/\/voltmarine.se\/en\/wp-json\/wp\/v2\/media?parent=972"}],"curies":[{"name":"wp","href":"https:\/\/api.w.org\/{rel}","templated":true}]}}